{"id":57,"date":"2021-01-30T13:11:53","date_gmt":"2021-01-30T12:11:53","guid":{"rendered":"http:\/\/eventura.cz\/?page_id=57"},"modified":"2021-01-30T13:11:53","modified_gmt":"2021-01-30T12:11:53","slug":"democracy-archives","status":"publish","type":"page","link":"https:\/\/eventura.cz\/?page_id=57","title":{"rendered":"Polls Archive"},"content":{"rendered":"<div class=\"dem-archives-shortcode\"><div class=\"dem-archives\"><div class=\"dem-elem-wrap\">\n<style id=\"democracy-poll\">.democracy:after{content:'';display:table;clear:both}.democracy ul li,.democracy ul{background:0 0;padding:0;margin:0}.democracy ul li:before{display:none}.democracy input[type=radio],.democracy input[type=checkbox]{margin:0;vertical-align:middle}.democracy input[type=radio]:focus,.democracy input[type=checkbox]:focus{outline:none}.democracy ul{list-style:none !important;border:none !important}.democracy ul li{list-style:none !important}input[type=submit].dem-button,a.dem-button,.dem-button{position:relative;display:inline-block;text-decoration:none;line-height:1;border:0;margin:0;padding:0;cursor:pointer;white-space:nowrap;-webkit-user-select:none;-moz-user-select:none;-ms-user-select:none;user-select:none}input[type=submit].dem-button:focus,a.dem-button:focus,.dem-button:focus{outline:none}input[type=submit].dem-button:disabled,a.dem-button:disabled,.dem-button:disabled{opacity:.6;cursor:not-allowed}a.dem-button:hover{text-decoration:none !important}.democracy{position:relative;margin:0 auto}.democracy input[type=radio],.democracy input[type=checkbox]{margin-right:.2em}.dem-screen{position:relative;line-height:1.3}.democracy ul.dem-vote{margin-bottom:1em}.democracy ul.dem-vote li{padding-bottom:0;margin-bottom:0}.democracy ul.dem-vote li>*{margin-bottom:.6em}.democracy ul.dem-answers li{padding-bottom:1em}.dem-answers .dem-label{margin-bottom:.2em;line-height:1.2}.dem-graph{position:relative;color:#555;color:rgba(0,0,0,.6);box-sizing:content-box;width:100%;display:table;height:1.2em;line-height:1.2em}.dem-fill{position:absolute;top:0;left:0;height:100%;background-color:#7cb4dd}.dem-voted-this .dem-fill{background-color:#ffc45a}.dem-votes-txt,.dem-percent-txt{position:relative;display:table-cell;padding-left:.3em;vertical-align:middle;font-size:90%}.dem-poll-info{padding-bottom:1em}.dem-poll-info:after{content:'';display:table;clear:both}.dem-poll-info>*{font-size:85%;display:block;float:right;clear:both;text-align:right;opacity:.7;line-height:1.3}.dem-vote label{float:none;display:block}.dem-results-link{display:inline-block;line-height:1;margin:.8em 1em}.dem-vote .dem-disabled{opacity:.5}.democracy .dem-bottom{padding-bottom:1em}.dem-bottom{text-align:center}.dem-bottom:after{content:'';display:table;clear:both}.dem-poll-title{display:block;margin-bottom:1.5em;margin-top:1.2em;font-size:120%}.dem-notice{z-index:10;position:absolute;top:0;border-radius:2px;width:100%;padding:1.5em 2em;text-align:center;background:rgba(247,241,212,.8);color:#6d6214}.dem-notice-close{position:absolute;top:0;right:0;padding:5px;cursor:pointer;line-height:.6;font-size:150%}.dem-notice-close:hover{color:#d26616}.dem-star{font-size:90%;vertical-align:baseline;padding-left:.3em;color:#ff4e00}.dem-poll-note{font-size:90%;padding:.5em;opacity:.8;line-height:1.3}.democracy .dem-copyright{position:absolute;bottom:-1em;right:0;text-decoration:none;border-bottom:0;color:#b2b2b2;opacity:.5;line-height:1}.democracy .dem-copyright:hover{opacity:1}.dem-add-answer{position:relative}.dem-add-answer>*{display:block}.dem-add-answer a{display:inline-block}input.dem-add-answer-txt{width:100%;box-sizing:border-box}.dem-add-answer-close{position:absolute;right:0;padding:0 .7em;cursor:pointer;color:#333}.dem-add-answer-close:hover{color:#ff2700}.dem-edit-link{display:block;position:absolute;top:0;right:0;line-height:1;text-decoration:none !important;border:none !important}.dem-edit-link svg{width:1.2em!important;fill:#5a5a5a;fill:rgba(0,0,0,.6)}.dem-edit-link:hover svg{fill:#35a91d}.dem-loader{display:none;position:absolute;top:0;left:0;width:100%;height:100%}.dem-loader>*{display:table-cell;vertical-align:middle;text-align:center}.dem-loader svg{width:20%;max-width:100px;min-width:80px;margin-bottom:15%}.dem-loader [class^=dem-]{margin-bottom:15%!important}.dem__collapser{display:block;cursor:pointer;text-align:center;font-size:150%;line-height:1}.dem__collapser:hover{color:#f31;background:rgba(255,255,255,.3)}.dem__collapser.expanded{position:relative;height:1em}.dem__collapser.collapsed{position:absolute;top:0;bottom:0;right:0;left:0}.dem__collapser .arr{display:block;position:absolute;bottom:0;width:100%}.dem__collapser.collapsed .arr:before{content:\"\u25be\"}.dem__collapser.expanded .arr:before{content:\"\u25b4\"}.dem-poll-shortcode{margin-bottom:1.5em}.dem-archives .dem-elem-wrap{margin-bottom:2em;padding-bottom:20px;border-bottom:1px dashed #ccc}.dem-archives .dem-archive-link{display:none}.dem-paging{text-align:center;margin:1.5em auto}.dem-paging>*{display:inline-block;padding:.3em .8em;border-radius:.2em;background:#e2e2e2;color:#333;text-decoration:none;text-transform:lowercase;user-select:none}.dem-paging>a{color:#333}.dem-paging>a:hover{background:#ccc;color:#333;text-decoration:none}.dem-paging .current{background:#656565;color:#fff}.dem-paging .dots{background:0 0}.dem-poll-title{text-align:center}.dem-link{display:inline-block;margin:.8em 0}.dem-link{font-size:90%}.dem-vote-link:before{content:'\u25c2 '}.dem-vote label{opacity:.9}.dem-vote label:hover{opacity:1}.dem-results-link{display:block}.dem-graph{background-color:#f2f2f2;background-color:rgba(0,0,0,.1);height:.4em;line-height:.4em}.dem-voted-this{font-weight:700}.dem-label-percent-txt{display:inline;font-size:80%;opacity:.8}.dem-label-percent-txt:before{content:'('}.dem-label-percent-txt:after{content:')'}.dem-votes-txt,.dem-percent-txt{display:none}input[type=submit].dem-button,a.dem-button,.dem-button{padding:.5em 1em;vertical-align:middle;text-align:center;text-shadow:0 -1px 1px #777;color:#fff;border:2px solid #f64c2b;border-radius:3px;box-shadow:0 0 0 60px rgba(0,0,0,0) inset,.1em .1em .2em #800;background:linear-gradient(#fb9575,#f45a38 48%,#ea1502 52%,#f02f17)}input[type=submit].dem-button,a.dem-button,.dem-button:active{top:.1em;left:.1em;box-shadow:0 0 0 60px rgba(0,0,0,.05) inset}a.dem-button:visited{color:#fff}<\/style>\n<div id=\"democracy-1\" class=\"democracy\" data-opts='{\"ajax_url\":\"https:\\\/\\\/eventura.cz\\\/wp-admin\\\/admin-ajax.php\",\"pid\":1,\"max_answs\":0,\"answs_max_height\":\"500\",\"anim_speed\":\"400\",\"line_anim_speed\":1500}' ><strong class=\"dem-poll-title\">Co pro V\u00e1s znamenaj\u00ed pen\u00edze ?<\/strong><div class=\"dem-screen voted\"><ul class=\"dem-answers\" data-voted-class=\"dem-voted-this\" data-voted-txt=\"V\u00e1\u0161 v\u00fdb\u011br\"><li class=\"dem-winner\" title=' 1 hlas - 100% of all votes' data-aid=\"5\"><div class=\"dem-label\">Autorita, \u201es\u00edla\u201c, \u0161t\u011bst\u00ed .. <span class=\"dem-label-percent-txt\">100%, 1 <span class=\"votxt\">hlas<\/span><\/span><\/div><div class=\"dem-graph\"><div class=\"dem-fill\" data-width=\"100%\"><\/div><div class=\"dem-votes-txt\">\n\t\t\t\t\t\t<span class=\"dem-votes-txt-votes\">1 <span class=\"votxt\">hlas<\/span><\/span>\n\t\t\t\t\t\t <span class=\"dem-votes-txt-percent\">100%<\/span>\n\t\t\t\t\t\t<\/div><div class=\"dem-percent-txt\">1 hlas - 100% of all votes<\/div><\/div><\/li><li class=\" dem-novoted\" title=' 0 hlas\u016f - 0% of all votes' data-aid=\"1\"><div class=\"dem-label\">Jedn\u00e1 se o univerz\u00e1ln\u00ed produkt pro v\u00fdm\u011bnu. <span class=\"dem-label-percent-txt\">0%, 0 <span class=\"votxt\">hlas\u016f<\/span><\/span><\/div><div class=\"dem-graph\"><div class=\"dem-fill\" data-width=\"0%\"><\/div><div class=\"dem-votes-txt\">\n\t\t\t\t\t\t<span class=\"dem-votes-txt-votes\">0 <span class=\"votxt\">hlas\u016f<\/span><\/span>\n\t\t\t\t\t\t\n\t\t\t\t\t\t<\/div><div class=\"dem-percent-txt\">0 hlas\u016f - 0% of all votes<\/div><\/div><\/li><li class=\" dem-novoted\" title=' 0 hlas\u016f - 0% of all votes' data-aid=\"2\"><div class=\"dem-label\">Penize jsou kus pap\u00edru, nejsou kl\u00ed\u010d ke \u0161t\u011bst\u00ed <span class=\"dem-label-percent-txt\">0%, 0 <span class=\"votxt\">hlas\u016f<\/span><\/span><\/div><div class=\"dem-graph\"><div class=\"dem-fill\" data-width=\"0%\"><\/div><div class=\"dem-votes-txt\">\n\t\t\t\t\t\t<span class=\"dem-votes-txt-votes\">0 <span class=\"votxt\">hlas\u016f<\/span><\/span>\n\t\t\t\t\t\t\n\t\t\t\t\t\t<\/div><div class=\"dem-percent-txt\">0 hlas\u016f - 0% of all votes<\/div><\/div><\/li><li class=\" dem-novoted\" title=' 0 hlas\u016f - 0% of all votes' data-aid=\"3\"><div class=\"dem-label\">Zdroj k dosa\u017een\u00ed c\u00edle . <span class=\"dem-label-percent-txt\">0%, 0 <span class=\"votxt\">hlas\u016f<\/span><\/span><\/div><div class=\"dem-graph\"><div class=\"dem-fill\" data-width=\"0%\"><\/div><div class=\"dem-votes-txt\">\n\t\t\t\t\t\t<span class=\"dem-votes-txt-votes\">0 <span class=\"votxt\">hlas\u016f<\/span><\/span>\n\t\t\t\t\t\t\n\t\t\t\t\t\t<\/div><div class=\"dem-percent-txt\">0 hlas\u016f - 0% of all votes<\/div><\/div><\/li><li class=\" dem-novoted\" title=' 0 hlas\u016f - 0% of all votes' data-aid=\"4\"><div class=\"dem-label\">Je to kus \u010f\u00e1bla <span class=\"dem-label-percent-txt\">0%, 0 <span class=\"votxt\">hlas\u016f<\/span><\/span><\/div><div class=\"dem-graph\"><div class=\"dem-fill\" data-width=\"0%\"><\/div><div class=\"dem-votes-txt\">\n\t\t\t\t\t\t<span class=\"dem-votes-txt-votes\">0 <span class=\"votxt\">hlas\u016f<\/span><\/span>\n\t\t\t\t\t\t\n\t\t\t\t\t\t<\/div><div class=\"dem-percent-txt\">0 hlas\u016f - 0% of all votes<\/div><\/div><\/li><\/ul><div class=\"dem-bottom\"><div class=\"dem-poll-info\"><div class=\"dem-total-votes\">Celkov\u00fd po\u010det hlasuj\u00edc\u00edch 1<\/div>\n\t\t\t\t<div class=\"dem-date\" title=\"Za\u010d\u00e1tek\">\n\t\t\t\t\t<span class=\"dem-begin-date\">29. 1. 2021<\/span>\n\t\t\t\t\t\n\t\t\t\t<\/div><a class=\"dem-archive-link dem-link\" href=\"https:\/\/eventura.cz\/?page_id=57\" rel=\"nofollow\">Polls Archive<\/a><\/div><button type=\"button\" class=\"dem-button dem-vote-link \" data-dem-act=\"vote_screen\">Hlasuj<\/button><\/div><\/div><noscript>Poll Options are limited because JavaScript is disabled in your browser.<\/noscript><div class=\"dem-loader\"><div><svg viewBox=\"0 0 57 57\" xmlns=\"http:\/\/www.w3.org\/2000\/svg\" class=\"stroke\" stroke=\"#ea261e\">\n    <g fill=\"none\" fill-rule=\"evenodd\">\n        <g transform=\"translate(1 1)\" stroke-width=\"2\">\n            <circle cx=\"5\" cy=\"50\" r=\"5\">\n                <animate attributeName=\"cy\"\n                     begin=\"0s\" dur=\"1.5s\"\n                     values=\"50;5;50;50\"\n                     calcMode=\"linear\"\n                     repeatCount=\"indefinite\" \/>\n                <animate attributeName=\"cx\"\n                     begin=\"0s\" dur=\"1.5s\"\n                     values=\"5;27;49;5\"\n                     calcMode=\"linear\"\n                     repeatCount=\"indefinite\" \/>\n            <\/circle>\n            <circle cx=\"27\" cy=\"5\" r=\"5\">\n                <animate attributeName=\"cy\"\n                     begin=\"0s\" dur=\"1.5s\"\n                     from=\"5\" to=\"5\"\n                     values=\"5;50;50;5\"\n                     calcMode=\"linear\"\n                     repeatCount=\"indefinite\" \/>\n                <animate attributeName=\"cx\"\n                     begin=\"0s\" dur=\"1.5s\"\n                     from=\"27\" to=\"27\"\n                     values=\"27;49;5;27\"\n                     calcMode=\"linear\"\n                     repeatCount=\"indefinite\" \/>\n            <\/circle>\n            <circle cx=\"49\" cy=\"50\" r=\"5\">\n                <animate attributeName=\"cy\"\n                     begin=\"0s\" dur=\"1.5s\"\n                     values=\"50;50;5;50\"\n                     calcMode=\"linear\"\n                     repeatCount=\"indefinite\" \/>\n                <animate attributeName=\"cx\"\n                     from=\"49\" to=\"49\"\n                     begin=\"0s\" dur=\"1.5s\"\n                     values=\"49;5;27;49\"\n                     calcMode=\"linear\"\n                     repeatCount=\"indefinite\" \/>\n            <\/circle>\n        <\/g>\n    <\/g>\n<\/svg><\/div><\/div><\/div><!--democracy-->\n\t\t\t<div class=\"dem-moreinfo\">\n\t\t\t\t<b>From posts:<\/b>\n\t\t\t\t<ul>\n\t\t\t\t\t<li><a href=\"https:\/\/eventura.cz\/?p=14\">Hlasov\u00e1n\u00ed<\/a><\/li>\n<li><a href=\"https:\/\/eventura.cz\/?p=42\">Dvojka<\/a><\/li>\n<li><a href=\"https:\/\/eventura.cz\/?page_id=52\">Otazka 01<\/a><\/li>\n\t\t\t\t<\/ul>\n\t\t\t<\/div><\/div>\n<div class=\"dem-elem-wrap\"><div id=\"democracy-2\" class=\"democracy\" data-opts='{\"ajax_url\":\"https:\\\/\\\/eventura.cz\\\/wp-admin\\\/admin-ajax.php\",\"pid\":2,\"max_answs\":0,\"answs_max_height\":\"500\",\"anim_speed\":\"400\",\"line_anim_speed\":1500}' ><strong class=\"dem-poll-title\">Jste kovid pozitivn\u00ed ?<\/strong><div class=\"dem-screen voted\"><ul class=\"dem-answers\" data-voted-class=\"dem-voted-this\" data-voted-txt=\"V\u00e1\u0161 v\u00fdb\u011br\"><li class=\"dem-winner dem-novoted\" title=' 0 hlas\u016f - 0% of all votes' data-aid=\"6\"><div class=\"dem-label\">Ano <span class=\"dem-label-percent-txt\">0%, 0 <span class=\"votxt\">hlas\u016f<\/span><\/span><\/div><div class=\"dem-graph\"><div class=\"dem-fill\" data-width=\"0%\"><\/div><div class=\"dem-votes-txt\">\n\t\t\t\t\t\t<span class=\"dem-votes-txt-votes\">0 <span class=\"votxt\">hlas\u016f<\/span><\/span>\n\t\t\t\t\t\t\n\t\t\t\t\t\t<\/div><div class=\"dem-percent-txt\">0 hlas\u016f - 0% of all votes<\/div><\/div><\/li><li class=\"dem-winner dem-novoted\" title=' 0 hlas\u016f - 0% of all votes' data-aid=\"7\"><div class=\"dem-label\">Ne <span class=\"dem-label-percent-txt\">0%, 0 <span class=\"votxt\">hlas\u016f<\/span><\/span><\/div><div class=\"dem-graph\"><div class=\"dem-fill\" data-width=\"0%\"><\/div><div class=\"dem-votes-txt\">\n\t\t\t\t\t\t<span class=\"dem-votes-txt-votes\">0 <span class=\"votxt\">hlas\u016f<\/span><\/span>\n\t\t\t\t\t\t\n\t\t\t\t\t\t<\/div><div class=\"dem-percent-txt\">0 hlas\u016f - 0% of all votes<\/div><\/div><\/li><li class=\"dem-winner dem-novoted\" title=' 0 hlas\u016f - 0% of all votes' data-aid=\"8\"><div class=\"dem-label\">Nevim <span class=\"dem-label-percent-txt\">0%, 0 <span class=\"votxt\">hlas\u016f<\/span><\/span><\/div><div class=\"dem-graph\"><div class=\"dem-fill\" data-width=\"0%\"><\/div><div class=\"dem-votes-txt\">\n\t\t\t\t\t\t<span class=\"dem-votes-txt-votes\">0 <span class=\"votxt\">hlas\u016f<\/span><\/span>\n\t\t\t\t\t\t\n\t\t\t\t\t\t<\/div><div class=\"dem-percent-txt\">0 hlas\u016f - 0% of all votes<\/div><\/div><\/li><li class=\"dem-winner dem-novoted\" title=' 0 hlas\u016f - 0% of all votes' data-aid=\"9\"><div class=\"dem-label\">Mo\u017en\u00e1 <span class=\"dem-label-percent-txt\">0%, 0 <span class=\"votxt\">hlas\u016f<\/span><\/span><\/div><div class=\"dem-graph\"><div class=\"dem-fill\" data-width=\"0%\"><\/div><div class=\"dem-votes-txt\">\n\t\t\t\t\t\t<span class=\"dem-votes-txt-votes\">0 <span class=\"votxt\">hlas\u016f<\/span><\/span>\n\t\t\t\t\t\t\n\t\t\t\t\t\t<\/div><div class=\"dem-percent-txt\">0 hlas\u016f - 0% of all votes<\/div><\/div><\/li><li class=\"dem-winner dem-novoted\" title=' 0 hlas\u016f - 0% of all votes' data-aid=\"10\"><div class=\"dem-label\">Asi <span class=\"dem-label-percent-txt\">0%, 0 <span class=\"votxt\">hlas\u016f<\/span><\/span><\/div><div class=\"dem-graph\"><div class=\"dem-fill\" data-width=\"0%\"><\/div><div class=\"dem-votes-txt\">\n\t\t\t\t\t\t<span class=\"dem-votes-txt-votes\">0 <span class=\"votxt\">hlas\u016f<\/span><\/span>\n\t\t\t\t\t\t\n\t\t\t\t\t\t<\/div><div class=\"dem-percent-txt\">0 hlas\u016f - 0% of all votes<\/div><\/div><\/li><\/ul><div class=\"dem-bottom\"><div class=\"dem-poll-info\"><div class=\"dem-total-votes\">Celkov\u00fd po\u010det hlasuj\u00edc\u00edch 0<\/div>\n\t\t\t\t<div class=\"dem-date\" title=\"Za\u010d\u00e1tek\">\n\t\t\t\t\t<span class=\"dem-begin-date\">30. 1. 2021<\/span>\n\t\t\t\t\t\n\t\t\t\t<\/div><a class=\"dem-archive-link dem-link\" href=\"https:\/\/eventura.cz\/?page_id=57\" rel=\"nofollow\">Polls Archive<\/a><\/div><button type=\"button\" class=\"dem-button dem-vote-link \" data-dem-act=\"vote_screen\">Hlasuj<\/button><\/div><\/div><noscript>Poll Options are limited because JavaScript is disabled in your browser.<\/noscript><\/div><!--democracy-->\n\t\t\t<div class=\"dem-moreinfo\">\n\t\t\t\t<b>From posts:<\/b>\n\t\t\t\t<ul>\n\t\t\t\t\t<li><a href=\"https:\/\/eventura.cz\/?page_id=58\">Otazka 02<\/a><\/li>\n\t\t\t\t<\/ul>\n\t\t\t<\/div><\/div><\/div><div class=\"dem-paging\"><\/div><\/div>\n","protected":false},"excerpt":{"rendered":"","protected":false},"author":1,"featured_media":0,"parent":0,"menu_order":0,"comment_status":"closed","ping_status":"closed","template":"","meta":{"footnotes":""},"class_list":["post-57","page","type-page","status-publish","hentry"],"_links":{"self":[{"href":"https:\/\/eventura.cz\/index.php?rest_route=\/wp\/v2\/pages\/57","targetHints":{"allow":["GET"]}}],"collection":[{"href":"https:\/\/eventura.cz\/index.php?rest_route=\/wp\/v2\/pages"}],"about":[{"href":"https:\/\/eventura.cz\/index.php?rest_route=\/wp\/v2\/types\/page"}],"author":[{"embeddable":true,"href":"https:\/\/eventura.cz\/index.php?rest_route=\/wp\/v2\/users\/1"}],"replies":[{"embeddable":true,"href":"https:\/\/eventura.cz\/index.php?rest_route=%2Fwp%2Fv2%2Fcomments&post=57"}],"version-history":[{"count":0,"href":"https:\/\/eventura.cz\/index.php?rest_route=\/wp\/v2\/pages\/57\/revisions"}],"wp:attachment":[{"href":"https:\/\/eventura.cz\/index.php?rest_route=%2Fwp%2Fv2%2Fmedia&parent=57"}],"curies":[{"name":"wp","href":"https:\/\/api.w.org\/{rel}","templated":true}]}}