{"id":7,"date":"2021-01-29T15:31:45","date_gmt":"2021-01-29T14:31:45","guid":{"rendered":"http:\/\/eventura.cz\/?page_id=7"},"modified":"2021-01-29T15:31:45","modified_gmt":"2021-01-29T14:31:45","slug":"eventura","status":"publish","type":"page","link":"https:\/\/eventura.cz\/","title":{"rendered":"Eventura"},"content":{"rendered":"<p>Eventura je produktem fimy Dempsey &amp; Clark s.r.o. kter\u00e1 se zab\u00fdv\u00e1 IT slu\u017ebami s vysokou p\u0159idanou hodnotou v oboru cloudov\u00fdch \u0159e\u0161en\u00ed.<\/p>\n","protected":false},"excerpt":{"rendered":"<p>Eventura je produktem fimy Dempsey &amp; Clark s.r.o. kter\u00e1 se zab\u00fdv\u00e1 IT slu\u017ebami s vysokou p\u0159idanou hodnotou v oboru cloudov\u00fdch \u0159e\u0161en\u00ed.<\/p>\n","protected":false},"author":1,"featured_media":0,"parent":0,"menu_order":0,"comment_status":"closed","ping_status":"closed","template":"","meta":{"footnotes":""},"class_list":["post-7","page","type-page","status-publish","hentry"],"_links":{"self":[{"href":"https:\/\/eventura.cz\/index.php?rest_route=\/wp\/v2\/pages\/7","targetHints":{"allow":["GET"]}}],"collection":[{"href":"https:\/\/eventura.cz\/index.php?rest_route=\/wp\/v2\/pages"}],"about":[{"href":"https:\/\/eventura.cz\/index.php?rest_route=\/wp\/v2\/types\/page"}],"author":[{"embeddable":true,"href":"https:\/\/eventura.cz\/index.php?rest_route=\/wp\/v2\/users\/1"}],"replies":[{"embeddable":true,"href":"https:\/\/eventura.cz\/index.php?rest_route=%2Fwp%2Fv2%2Fcomments&post=7"}],"version-history":[{"count":2,"href":"https:\/\/eventura.cz\/index.php?rest_route=\/wp\/v2\/pages\/7\/revisions"}],"predecessor-version":[{"id":10,"href":"https:\/\/eventura.cz\/index.php?rest_route=\/wp\/v2\/pages\/7\/revisions\/10"}],"wp:attachment":[{"href":"https:\/\/eventura.cz\/index.php?rest_route=%2Fwp%2Fv2%2Fmedia&parent=7"}],"curies":[{"name":"wp","href":"https:\/\/api.w.org\/{rel}","templated":true}]}}